{"id":6,"date":"2020-02-23T13:33:11","date_gmt":"2020-02-23T12:33:11","guid":{"rendered":"http:\/\/storsjosnickeri.se\/?page_id=6"},"modified":"2023-02-01T22:44:22","modified_gmt":"2023-02-01T21:44:22","slug":"valkommen-till-storsjo-snickeri","status":"publish","type":"page","link":"https:\/\/storsjosnickeri.se\/","title":{"rendered":"V\u00e4lkommen till Storsj\u00f6 snickeri"},"content":{"rendered":"\n<p>Byggentrepren\u00f6r och finsnickeri i Ljungdalsfj\u00e4llen, utf\u00f6r det mesta inom ny- och tillbyggnad, renovering, byte av tak, f\u00f6nster, d\u00f6rrar och k\u00f6k. <br>Specialtillverkar f\u00f6nster, d\u00f6rrar, k\u00f6k, trappor, m\u00f6bler mm<\/p>\n\n\n\n<p>Kontakta Tage \u00c5slund tel 070 5947550<\/p>\n","protected":false},"excerpt":{"rendered":"<p>Byggentrepren\u00f6r och finsnickeri i Ljungdalsfj\u00e4llen, utf\u00f6r det mesta inom ny- och tillbyggnad, renovering, byte av tak, f\u00f6nster, d\u00f6rrar och k\u00f6k. Specialtillverkar f\u00f6nster, d\u00f6rrar, k\u00f6k, trappor, m\u00f6bler mm Kontakta Tage \u00c5slund tel 070 5947550<\/p>\n","protected":false},"author":1,"featured_media":0,"parent":0,"menu_order":0,"comment_status":"closed","ping_status":"closed","template":"","meta":{"footnotes":""},"class_list":["post-6","page","type-page","status-publish","hentry"],"jetpack_sharing_enabled":true,"_links":{"self":[{"href":"https:\/\/storsjosnickeri.se\/index.php?rest_route=\/wp\/v2\/pages\/6","targetHints":{"allow":["GET"]}}],"collection":[{"href":"https:\/\/storsjosnickeri.se\/index.php?rest_route=\/wp\/v2\/pages"}],"about":[{"href":"https:\/\/storsjosnickeri.se\/index.php?rest_route=\/wp\/v2\/types\/page"}],"author":[{"embeddable":true,"href":"https:\/\/storsjosnickeri.se\/index.php?rest_route=\/wp\/v2\/users\/1"}],"replies":[{"embeddable":true,"href":"https:\/\/storsjosnickeri.se\/index.php?rest_route=%2Fwp%2Fv2%2Fcomments&post=6"}],"version-history":[{"count":17,"href":"https:\/\/storsjosnickeri.se\/index.php?rest_route=\/wp\/v2\/pages\/6\/revisions"}],"predecessor-version":[{"id":104,"href":"https:\/\/storsjosnickeri.se\/index.php?rest_route=\/wp\/v2\/pages\/6\/revisions\/104"}],"wp:attachment":[{"href":"https:\/\/storsjosnickeri.se\/index.php?rest_route=%2Fwp%2Fv2%2Fmedia&parent=6"}],"curies":[{"name":"wp","href":"https:\/\/api.w.org\/{rel}","templated":true}]}}